{"id":1719,"date":"2023-12-18T10:48:47","date_gmt":"2023-12-18T10:48:47","guid":{"rendered":"https:\/\/ballot-box.eu\/?page_id=1719"},"modified":"2023-12-18T11:09:44","modified_gmt":"2023-12-18T11:09:44","slug":"centre-party-3","status":"publish","type":"page","link":"https:\/\/ballot-box.eu\/el\/centre-party-3","title":{"rendered":"\u039a\u03b5\u03bd\u03c4\u03c1\u03ce\u03bf \u039a\u03cc\u03bc\u03bc\u03b1"},"content":{"rendered":"<figure class=\"wp-block-table is-style-stripes\"><table><tbody><tr><td>Abbr.<\/td><td>\u039b\u03bf\u03b3\u03cc\u03c4\u03c5\u03c0\u03bf<\/td><td>\u0399\u03b4\u03b5\u03bf\u03bb\u03bf\u03b3\u03af\u03b1<\/td><td>\u038a\u03b4\u03c1\u03c5\u03c3\u03b7<\/td><td>\u0399\u03b4\u03c1\u03c5\u03c4\u03ae\u03c2<\/td><td>\u0391\u03c1\u03c7\u03b7\u03b3\u03cc\u03c2<\/td><td>\u0399\u03c3\u03c4\u03bf\u03c3\u03b5\u03bb\u03af\u03b4\u03b1<\/td><td>\u039f\u03bc\u03ac\u03b4\u03b1 \u0395\u03c5\u03c1\u03c9\u03c0\u03b1\u03ca\u03ba\u03bf\u03cd \u039a\u03bf\u03b9\u03bd\u03bf\u03b2\u03bf\u03c5\u03bb\u03af\u03bf\u03c5<\/td><\/tr><tr><td><strong>KESK<\/strong><\/td><td><img loading=\"lazy\" decoding=\"async\" width=\"60\" height=\"56\" class=\"wp-image-1665\" style=\"width: 60px;\" src=\"https:\/\/ballot-box.eu\/wp-content\/uploads\/2023\/12\/KESK_2023.png\" alt=\"\" srcset=\"https:\/\/ballot-box.eu\/wp-content\/uploads\/2023\/12\/KESK_2023.png 1024w, https:\/\/ballot-box.eu\/wp-content\/uploads\/2023\/12\/KESK_2023-300x281.png 300w, https:\/\/ballot-box.eu\/wp-content\/uploads\/2023\/12\/KESK_2023-768x719.png 768w, https:\/\/ballot-box.eu\/wp-content\/uploads\/2023\/12\/KESK_2023-13x12.png 13w\" sizes=\"auto, (max-width: 60px) 100vw, 60px\" \/><\/td><td>\u03a6\u03b9\u03bb\u03b5\u03bb\u03b5\u03c5\u03b8\u03b5\u03c1\u03b9\u03c3\u03bc\u03cc\u03c2<\/td><td>1906<\/td><td><\/td><td>Annika Saarikko<\/td><td><a href=\"http:\/\/keskusta.fi\">http:\/\/keskusta.fi<\/a><\/td><td><img loading=\"lazy\" decoding=\"async\" width=\"70\" height=\"33\" class=\"wp-image-584\" style=\"width: 70px;\" src=\"https:\/\/ballot-box.eu\/wp-content\/uploads\/2023\/10\/1024px-Logo_of_Renew_Europe.svg_.png\" alt=\"\" srcset=\"https:\/\/ballot-box.eu\/wp-content\/uploads\/2023\/10\/1024px-Logo_of_Renew_Europe.svg_.png 1024w, https:\/\/ballot-box.eu\/wp-content\/uploads\/2023\/10\/1024px-Logo_of_Renew_Europe.svg_-300x142.png 300w, https:\/\/ballot-box.eu\/wp-content\/uploads\/2023\/10\/1024px-Logo_of_Renew_Europe.svg_-768x364.png 768w\" sizes=\"auto, (max-width: 70px) 100vw, 70px\" \/><\/td><\/tr><\/tbody><\/table><\/figure>\n\n\n\n<p><\/p>\n\n\n\n<h4 class=\"wp-block-heading\"><strong>\u0395\u03ba\u03bb\u03bf\u03b3\u03ad\u03c2<\/strong><\/h4>\n\n\n\n<figure class=\"wp-block-table is-style-stripes\"><table><tbody><tr><td><strong>\u0397\u03bc\u03b5\u03c1\u03bf\u03bc\u03b7\u03bd\u03af\u03b1<\/strong><\/td><td><strong>\u0395\u03ba\u03bb\u03bf\u03b3\u03ad\u03c2<\/strong><\/td><td class=\"has-text-align-right\" data-align=\"right\"><strong>%<\/strong><\/td><td class=\"has-text-align-right\" data-align=\"right\"><strong>\u03a8\u03ae\u03c6\u03bf\u03b9<\/strong><\/td><td class=\"has-text-align-right\" data-align=\"right\"><strong>\u0388\u03b4\u03c1\u03b5\u03c2<\/strong><\/td><td class=\"has-text-align-center\" data-align=\"center\"><strong>&nbsp;<\/strong><\/td><\/tr><tr><td><strong>2023<\/strong><strong><\/strong><\/td><td><\/td><td class=\"has-text-align-right\" data-align=\"right\">11,30<\/td><td class=\"has-text-align-right\" data-align=\"right\">349.362<\/td><td class=\"has-text-align-right\" data-align=\"right\">23<\/td><td class=\"has-text-align-center\" data-align=\"center\">4<sup>th<\/sup><\/td><\/tr><tr><td><strong>2019<\/strong><strong><\/strong><\/td><td>EU<\/td><td class=\"has-text-align-right\" data-align=\"right\">13,52<\/td><td class=\"has-text-align-right\" data-align=\"right\">247.416<\/td><td class=\"has-text-align-right\" data-align=\"right\">2<\/td><td class=\"has-text-align-center\" data-align=\"center\">4<sup>th<\/sup><\/td><\/tr><tr><td><strong>2019<\/strong><strong><\/strong><\/td><td><\/td><td class=\"has-text-align-right\" data-align=\"right\">13,76<\/td><td class=\"has-text-align-right\" data-align=\"right\">423.920<\/td><td class=\"has-text-align-right\" data-align=\"right\">31<\/td><td class=\"has-text-align-center\" data-align=\"center\">4<sup>th<\/sup><\/td><\/tr><tr><td><strong>2015<\/strong><strong><\/strong><\/td><td><\/td><td class=\"has-text-align-right\" data-align=\"right\">21,10<\/td><td class=\"has-text-align-right\" data-align=\"right\">626.218<\/td><td class=\"has-text-align-right\" data-align=\"right\">49<\/td><td class=\"has-text-align-center\" data-align=\"center\">1<sup>st<\/sup><\/td><\/tr><tr><td><strong>2014<\/strong><strong><\/strong><\/td><td>EU<\/td><td class=\"has-text-align-right\" data-align=\"right\">19,67<\/td><td class=\"has-text-align-right\" data-align=\"right\">339.398<\/td><td class=\"has-text-align-right\" data-align=\"right\">3<\/td><td class=\"has-text-align-center\" data-align=\"center\">2<sup>nd<\/sup><\/td><\/tr><tr><td><strong>2011<\/strong><strong><\/strong><\/td><td><\/td><td class=\"has-text-align-right\" data-align=\"right\">15,82<\/td><td class=\"has-text-align-right\" data-align=\"right\">463.160<\/td><td class=\"has-text-align-right\" data-align=\"right\">35<\/td><td class=\"has-text-align-center\" data-align=\"center\">4<sup>th<\/sup><\/td><\/tr><tr><td><strong>2009<\/strong><strong><\/strong><\/td><td>EU<\/td><td class=\"has-text-align-right\" data-align=\"right\">19,03<\/td><td class=\"has-text-align-right\" data-align=\"right\">316.798<\/td><td class=\"has-text-align-right\" data-align=\"right\">3<\/td><td class=\"has-text-align-center\" data-align=\"center\">2<sup>nd<\/sup><\/td><\/tr><tr><td><strong>2007<\/strong><strong><\/strong><\/td><td><\/td><td class=\"has-text-align-right\" data-align=\"right\">23,11<\/td><td class=\"has-text-align-right\" data-align=\"right\">640.428<\/td><td class=\"has-text-align-right\" data-align=\"right\">51<\/td><td class=\"has-text-align-center\" data-align=\"center\">1<sup>st<\/sup><\/td><\/tr><tr><td><strong>2004<\/strong><strong><\/strong><\/td><td>EU<\/td><td class=\"has-text-align-right\" data-align=\"right\">23,37<\/td><td class=\"has-text-align-right\" data-align=\"right\">387.217<\/td><td class=\"has-text-align-right\" data-align=\"right\">4<\/td><td class=\"has-text-align-center\" data-align=\"center\">2<sup>nd<\/sup><\/td><\/tr><tr><td><strong>2003<\/strong><strong><\/strong><\/td><td><\/td><td class=\"has-text-align-right\" data-align=\"right\">24,69<\/td><td class=\"has-text-align-right\" data-align=\"right\">689.391<\/td><td class=\"has-text-align-right\" data-align=\"right\">55<\/td><td class=\"has-text-align-center\" data-align=\"center\">1<sup>st<\/sup><\/td><\/tr><\/tbody><\/table><\/figure>\n\n\n\n<p><\/p>\n\n\n\n<figure class=\"wp-block-image size-large\"><img loading=\"lazy\" decoding=\"async\" width=\"1024\" height=\"404\" src=\"https:\/\/ballot-box.eu\/wp-content\/uploads\/2023\/12\/image-37-1024x404.png\" alt=\"\" class=\"wp-image-1722\" srcset=\"https:\/\/ballot-box.eu\/wp-content\/uploads\/2023\/12\/image-37-1024x404.png 1024w, https:\/\/ballot-box.eu\/wp-content\/uploads\/2023\/12\/image-37-300x118.png 300w, https:\/\/ballot-box.eu\/wp-content\/uploads\/2023\/12\/image-37-768x303.png 768w, https:\/\/ballot-box.eu\/wp-content\/uploads\/2023\/12\/image-37-18x7.png 18w, https:\/\/ballot-box.eu\/wp-content\/uploads\/2023\/12\/image-37.png 1092w\" sizes=\"auto, (max-width: 1024px) 100vw, 1024px\" \/><\/figure>\n\n\n\n<p><\/p>\n\n\n\n<figure class=\"wp-block-image size-large\"><img loading=\"lazy\" decoding=\"async\" width=\"1024\" height=\"420\" src=\"https:\/\/ballot-box.eu\/wp-content\/uploads\/2023\/12\/image-38-1024x420.png\" alt=\"\" class=\"wp-image-1723\" srcset=\"https:\/\/ballot-box.eu\/wp-content\/uploads\/2023\/12\/image-38-1024x420.png 1024w, https:\/\/ballot-box.eu\/wp-content\/uploads\/2023\/12\/image-38-300x123.png 300w, https:\/\/ballot-box.eu\/wp-content\/uploads\/2023\/12\/image-38-768x315.png 768w, https:\/\/ballot-box.eu\/wp-content\/uploads\/2023\/12\/image-38-18x7.png 18w, https:\/\/ballot-box.eu\/wp-content\/uploads\/2023\/12\/image-38.png 1092w\" sizes=\"auto, (max-width: 1024px) 100vw, 1024px\" \/><\/figure>\n\n\n\n<p><\/p>\n\n\n\n<figure class=\"wp-block-image size-large\"><img loading=\"lazy\" decoding=\"async\" width=\"1024\" height=\"420\" src=\"https:\/\/ballot-box.eu\/wp-content\/uploads\/2023\/12\/image-39-1024x420.png\" alt=\"\" class=\"wp-image-1724\" srcset=\"https:\/\/ballot-box.eu\/wp-content\/uploads\/2023\/12\/image-39-1024x420.png 1024w, https:\/\/ballot-box.eu\/wp-content\/uploads\/2023\/12\/image-39-300x123.png 300w, https:\/\/ballot-box.eu\/wp-content\/uploads\/2023\/12\/image-39-768x315.png 768w, https:\/\/ballot-box.eu\/wp-content\/uploads\/2023\/12\/image-39-18x7.png 18w, https:\/\/ballot-box.eu\/wp-content\/uploads\/2023\/12\/image-39.png 1092w\" sizes=\"auto, (max-width: 1024px) 100vw, 1024px\" \/><\/figure>\n\n\n\n<p><\/p>\n\n\n\n<figure class=\"wp-block-table is-style-stripes\"><table><tbody><tr><td colspan=\"2\"><strong>\u0391\u03c1\u03c7\u03b7\u03b3\u03bf\u03af<\/strong><strong><\/strong><\/td><\/tr><tr><td>1906 \u2013 1909<\/td><td>Otto Karhi<\/td><\/tr><tr><td>1909 \u2013 1917<\/td><td>Ky\u00f6sti Kallio<\/td><\/tr><tr><td>1917 \u2013 1918<\/td><td>Filip Saalasti<\/td><\/tr><tr><td>1918 \u2013 1919<\/td><td>Santeri Alkio<\/td><\/tr><tr><td>1919 \u2013 1940<\/td><td>Pekka Heikkinen<\/td><\/tr><tr><td>1940 \u2013 1945<\/td><td>Viljami Kalliokoski<\/td><\/tr><tr><td>1945 \u2013 1964<\/td><td>Vieno Johannes Sukselainen<\/td><\/tr><tr><td>1964 \u2013 1980<\/td><td>Johannes Virolainen<\/td><\/tr><tr><td>1980 \u2013 1990<\/td><td>Paavo V\u00e4yrynen<\/td><\/tr><tr><td>1990 \u2013 2000<\/td><td>Esko Aho (first time)<\/td><\/tr><tr><td>2000 \u2013 2001<\/td><td>Anneli J\u00e4\u00e4tteenm\u00e4ki (first time)<\/td><\/tr><tr><td>2001 \u2013 2002<\/td><td>Esko Aho (second time)<\/td><\/tr><tr><td>2002 \u2013 2003<\/td><td>Anneli J\u00e4\u00e4tteenm\u00e4ki (second time)<\/td><\/tr><tr><td>2003 \u2013 2010<\/td><td>Matti Vanhanen<\/td><\/tr><tr><td>2010 \u2013 2012<\/td><td>Mari Kiviniemi<\/td><\/tr><tr><td>2012 \u2013 2019<\/td><td>Juha Sipil\u00e4<\/td><\/tr><tr><td>2019 \u2013 2020<\/td><td>Katri Kulmuni<\/td><\/tr><tr><td>2020 &#8211;<\/td><td>Annika Saarikko<\/td><\/tr><\/tbody><\/table><\/figure>","protected":false},"excerpt":{"rendered":"<p>Abbr. Logo Ideology Founded Founder Leader Website European Parliament Group KESK Liberalism 1906 Annika Saarikko http:\/\/keskusta.fi Elections Date Elections % Votes Seats &nbsp; 2023 11,30 349.362 23 4th 2019 EU 13,52 247.416 2 4th 2019 13,76 423.920 31 4th 2015 21,10 626.218 49 1st 2014 EU 19,67 339.398 3 2nd 2011 15,82 463.160 35 4th &#8230; <a title=\"\u039a\u03b5\u03bd\u03c4\u03c1\u03ce\u03bf \u039a\u03cc\u03bc\u03bc\u03b1\" class=\"read-more\" href=\"https:\/\/ballot-box.eu\/el\/centre-party-3\" aria-label=\"Read more about Centre Party\">\u03a0\u03b5\u03c1\u03b9\u03c3\u03c3\u03cc\u03c4\u03b5\u03c1\u03b1<\/a><\/p>","protected":false},"author":1,"featured_media":0,"parent":0,"menu_order":0,"comment_status":"closed","ping_status":"closed","template":"","meta":{"footnotes":""},"class_list":["post-1719","page","type-page","status-publish"],"_links":{"self":[{"href":"https:\/\/ballot-box.eu\/el\/wp-json\/wp\/v2\/pages\/1719","targetHints":{"allow":["GET"]}}],"collection":[{"href":"https:\/\/ballot-box.eu\/el\/wp-json\/wp\/v2\/pages"}],"about":[{"href":"https:\/\/ballot-box.eu\/el\/wp-json\/wp\/v2\/types\/page"}],"author":[{"embeddable":true,"href":"https:\/\/ballot-box.eu\/el\/wp-json\/wp\/v2\/users\/1"}],"replies":[{"embeddable":true,"href":"https:\/\/ballot-box.eu\/el\/wp-json\/wp\/v2\/comments?post=1719"}],"version-history":[{"count":3,"href":"https:\/\/ballot-box.eu\/el\/wp-json\/wp\/v2\/pages\/1719\/revisions"}],"predecessor-version":[{"id":1759,"href":"https:\/\/ballot-box.eu\/el\/wp-json\/wp\/v2\/pages\/1719\/revisions\/1759"}],"wp:attachment":[{"href":"https:\/\/ballot-box.eu\/el\/wp-json\/wp\/v2\/media?parent=1719"}],"curies":[{"name":"wp","href":"https:\/\/api.w.org\/{rel}","templated":true}]}}