{"id":1732,"date":"2023-12-18T10:55:28","date_gmt":"2023-12-18T10:55:28","guid":{"rendered":"https:\/\/ballot-box.eu\/?page_id=1732"},"modified":"2023-12-18T11:12:59","modified_gmt":"2023-12-18T11:12:59","slug":"green-league","status":"publish","type":"page","link":"https:\/\/ballot-box.eu\/el\/green-league","title":{"rendered":"\u03a0\u03c1\u03ac\u03c3\u03b9\u03bd\u03bf\u03c2 \u03a3\u03cd\u03bd\u03b4\u03b5\u03c3\u03bc\u03bf\u03c2"},"content":{"rendered":"<figure class=\"wp-block-table is-style-stripes\"><table><tbody><tr><td>Abbr.<\/td><td>\u039b\u03bf\u03b3\u03cc\u03c4\u03c5\u03c0\u03bf<\/td><td>\u0399\u03b4\u03b5\u03bf\u03bb\u03bf\u03b3\u03af\u03b1<\/td><td>\u038a\u03b4\u03c1\u03c5\u03c3\u03b7<\/td><td>\u0399\u03b4\u03c1\u03c5\u03c4\u03ae\u03c2<\/td><td>\u0391\u03c1\u03c7\u03b7\u03b3\u03cc\u03c2<\/td><td>\u0399\u03c3\u03c4\u03bf\u03c3\u03b5\u03bb\u03af\u03b4\u03b1<\/td><td>\u039f\u03bc\u03ac\u03b4\u03b1 \u0395\u03c5\u03c1\u03c9\u03c0\u03b1\u03ca\u03ba\u03bf\u03cd \u039a\u03bf\u03b9\u03bd\u03bf\u03b2\u03bf\u03c5\u03bb\u03af\u03bf\u03c5<\/td><\/tr><tr><td><strong>VIHR<\/strong><\/td><td><img loading=\"lazy\" decoding=\"async\" width=\"120\" height=\"37\" class=\"wp-image-1679\" style=\"width: 120px;\" src=\"https:\/\/ballot-box.eu\/wp-content\/uploads\/2023\/12\/VIHR_2023.png\" alt=\"\" srcset=\"https:\/\/ballot-box.eu\/wp-content\/uploads\/2023\/12\/VIHR_2023.png 1920w, https:\/\/ballot-box.eu\/wp-content\/uploads\/2023\/12\/VIHR_2023-300x93.png 300w, https:\/\/ballot-box.eu\/wp-content\/uploads\/2023\/12\/VIHR_2023-1024x319.png 1024w, https:\/\/ballot-box.eu\/wp-content\/uploads\/2023\/12\/VIHR_2023-768x239.png 768w, https:\/\/ballot-box.eu\/wp-content\/uploads\/2023\/12\/VIHR_2023-1536x478.png 1536w, https:\/\/ballot-box.eu\/wp-content\/uploads\/2023\/12\/VIHR_2023-18x6.png 18w\" sizes=\"auto, (max-width: 120px) 100vw, 120px\" \/><\/td><td>\u03a0\u03c1\u03ac\u03c3\u03b9\u03bd\u03b5\u03c2 \u03a0\u03bf\u03bb\u03b9\u03c4\u03b9\u03ba\u03ad\u03c2, \u03a0\u03c1\u03ac\u03c3\u03b9\u03bd\u03bf\u03c2 \u03a6\u03b9\u03b5\u03bb\u03b5\u03c5\u03b8\u03b5\u03c1\u03b9\u03c3\u03bc\u03cc\u03c2<\/td><td>28.02.1987<\/td><td><\/td><td>Sofia Virta<\/td><td><a href=\"http:\/\/vihreat.fi\">http:\/\/vihreat.fi<\/a><\/td><td><img loading=\"lazy\" decoding=\"async\" width=\"150\" height=\"29\" class=\"wp-image-549\" style=\"width: 150px;\" src=\"https:\/\/ballot-box.eu\/wp-content\/uploads\/2023\/10\/GreensEFA_logo_EN.svg_.png\" alt=\"\" srcset=\"https:\/\/ballot-box.eu\/wp-content\/uploads\/2023\/10\/GreensEFA_logo_EN.svg_.png 1024w, https:\/\/ballot-box.eu\/wp-content\/uploads\/2023\/10\/GreensEFA_logo_EN.svg_-300x58.png 300w, https:\/\/ballot-box.eu\/wp-content\/uploads\/2023\/10\/GreensEFA_logo_EN.svg_-768x148.png 768w\" sizes=\"auto, (max-width: 150px) 100vw, 150px\" \/><\/td><\/tr><\/tbody><\/table><\/figure>\n\n\n\n<p><\/p>\n\n\n\n<h4 class=\"wp-block-heading\"><strong>\u0395\u03ba\u03bb\u03bf\u03b3\u03ad\u03c2<\/strong><\/h4>\n\n\n\n<figure class=\"wp-block-table is-style-stripes\"><table><tbody><tr><td><strong>\u0397\u03bc\u03b5\u03c1\u03bf\u03bc\u03b7\u03bd\u03af\u03b1<\/strong><\/td><td><strong>\u0395\u03ba\u03bb\u03bf\u03b3\u03ad\u03c2<\/strong><\/td><td class=\"has-text-align-right\" data-align=\"right\"><strong>%<\/strong><\/td><td class=\"has-text-align-right\" data-align=\"right\"><strong>\u03a8\u03ae\u03c6\u03bf\u03b9<\/strong><\/td><td class=\"has-text-align-right\" data-align=\"right\"><strong>\u0388\u03b4\u03c1\u03b5\u03c2<\/strong><\/td><td class=\"has-text-align-center\" data-align=\"center\"><strong>&nbsp;<\/strong><\/td><\/tr><tr><td><strong>2023<\/strong><strong><\/strong><\/td><td><\/td><td class=\"has-text-align-right\" data-align=\"right\">7,03<\/td><td class=\"has-text-align-right\" data-align=\"right\">217.426<\/td><td class=\"has-text-align-right\" data-align=\"right\">13<\/td><td class=\"has-text-align-center\" data-align=\"center\">6<sup>th<\/sup><\/td><\/tr><tr><td><strong>2019<\/strong><strong><\/strong><\/td><td>EU<\/td><td class=\"has-text-align-right\" data-align=\"right\">16,00<\/td><td class=\"has-text-align-right\" data-align=\"right\">292.892<\/td><td class=\"has-text-align-right\" data-align=\"right\">3<\/td><td class=\"has-text-align-center\" data-align=\"center\">2<sup>nd<\/sup><\/td><\/tr><tr><td><strong>2019<\/strong><strong><\/strong><\/td><td><\/td><td class=\"has-text-align-right\" data-align=\"right\">11,49<\/td><td class=\"has-text-align-right\" data-align=\"right\">354.194<\/td><td class=\"has-text-align-right\" data-align=\"right\">20<\/td><td class=\"has-text-align-center\" data-align=\"center\">5<sup>th<\/sup><\/td><\/tr><tr><td><strong>2015<\/strong><strong><\/strong><\/td><td><\/td><td class=\"has-text-align-right\" data-align=\"right\">8,53<\/td><td class=\"has-text-align-right\" data-align=\"right\">253.102<\/td><td class=\"has-text-align-right\" data-align=\"right\">15<\/td><td class=\"has-text-align-center\" data-align=\"center\">5<sup>th<\/sup><\/td><\/tr><tr><td><strong>2014<\/strong><strong><\/strong><\/td><td>EU<\/td><td class=\"has-text-align-right\" data-align=\"right\">9,33<\/td><td class=\"has-text-align-right\" data-align=\"right\">161.074<\/td><td class=\"has-text-align-right\" data-align=\"right\">1<\/td><td class=\"has-text-align-center\" data-align=\"center\">5<sup>th<\/sup><\/td><\/tr><tr><td><strong>2011<\/strong><strong><\/strong><\/td><td><\/td><td class=\"has-text-align-right\" data-align=\"right\">7,25<\/td><td class=\"has-text-align-right\" data-align=\"right\">213.172<\/td><td class=\"has-text-align-right\" data-align=\"right\">10<\/td><td class=\"has-text-align-center\" data-align=\"center\">6<sup>th<\/sup><\/td><\/tr><tr><td><strong>2009<\/strong><strong><\/strong><\/td><td>EU<\/td><td class=\"has-text-align-right\" data-align=\"right\">12,40<\/td><td class=\"has-text-align-right\" data-align=\"right\">206.439<\/td><td class=\"has-text-align-right\" data-align=\"right\">2<\/td><td class=\"has-text-align-center\" data-align=\"center\">4<sup>th<\/sup><\/td><\/tr><tr><td><strong>2007<\/strong><strong><\/strong><\/td><td><\/td><td class=\"has-text-align-right\" data-align=\"right\">8,46<\/td><td class=\"has-text-align-right\" data-align=\"right\">234.429<\/td><td class=\"has-text-align-right\" data-align=\"right\">15<\/td><td class=\"has-text-align-center\" data-align=\"center\">5<sup>th<\/sup><\/td><\/tr><tr><td><strong>2004<\/strong><strong><\/strong><\/td><td>EU<\/td><td class=\"has-text-align-right\" data-align=\"right\">10,43<\/td><td class=\"has-text-align-right\" data-align=\"right\">172.844<\/td><td class=\"has-text-align-right\" data-align=\"right\">1<\/td><td class=\"has-text-align-center\" data-align=\"center\">4<sup>th<\/sup><\/td><\/tr><tr><td><strong>2003<\/strong><strong><\/strong><\/td><td><\/td><td class=\"has-text-align-right\" data-align=\"right\">8,01<\/td><td class=\"has-text-align-right\" data-align=\"right\">223.846<\/td><td class=\"has-text-align-right\" data-align=\"right\">14<\/td><td class=\"has-text-align-center\" data-align=\"center\">5<sup>th<\/sup><\/td><\/tr><\/tbody><\/table><\/figure>\n\n\n\n<p><\/p>\n\n\n\n<figure class=\"wp-block-image size-large\"><img loading=\"lazy\" decoding=\"async\" width=\"1024\" height=\"404\" src=\"https:\/\/ballot-box.eu\/wp-content\/uploads\/2023\/12\/image-43-1024x404.png\" alt=\"\" class=\"wp-image-1734\" srcset=\"https:\/\/ballot-box.eu\/wp-content\/uploads\/2023\/12\/image-43-1024x404.png 1024w, https:\/\/ballot-box.eu\/wp-content\/uploads\/2023\/12\/image-43-300x118.png 300w, https:\/\/ballot-box.eu\/wp-content\/uploads\/2023\/12\/image-43-768x303.png 768w, https:\/\/ballot-box.eu\/wp-content\/uploads\/2023\/12\/image-43-18x7.png 18w, https:\/\/ballot-box.eu\/wp-content\/uploads\/2023\/12\/image-43.png 1100w\" sizes=\"auto, (max-width: 1024px) 100vw, 1024px\" \/><\/figure>\n\n\n\n<p><\/p>\n\n\n\n<figure class=\"wp-block-image size-large\"><img loading=\"lazy\" decoding=\"async\" width=\"1024\" height=\"420\" src=\"https:\/\/ballot-box.eu\/wp-content\/uploads\/2023\/12\/image-44-1024x420.png\" alt=\"\" class=\"wp-image-1735\" srcset=\"https:\/\/ballot-box.eu\/wp-content\/uploads\/2023\/12\/image-44-1024x420.png 1024w, https:\/\/ballot-box.eu\/wp-content\/uploads\/2023\/12\/image-44-300x123.png 300w, https:\/\/ballot-box.eu\/wp-content\/uploads\/2023\/12\/image-44-768x315.png 768w, https:\/\/ballot-box.eu\/wp-content\/uploads\/2023\/12\/image-44-18x7.png 18w, https:\/\/ballot-box.eu\/wp-content\/uploads\/2023\/12\/image-44.png 1100w\" sizes=\"auto, (max-width: 1024px) 100vw, 1024px\" \/><\/figure>\n\n\n\n<p><\/p>\n\n\n\n<figure class=\"wp-block-image size-large\"><img loading=\"lazy\" decoding=\"async\" width=\"1024\" height=\"420\" src=\"https:\/\/ballot-box.eu\/wp-content\/uploads\/2023\/12\/image-45-1024x420.png\" alt=\"\" class=\"wp-image-1736\" srcset=\"https:\/\/ballot-box.eu\/wp-content\/uploads\/2023\/12\/image-45-1024x420.png 1024w, https:\/\/ballot-box.eu\/wp-content\/uploads\/2023\/12\/image-45-300x123.png 300w, https:\/\/ballot-box.eu\/wp-content\/uploads\/2023\/12\/image-45-768x315.png 768w, https:\/\/ballot-box.eu\/wp-content\/uploads\/2023\/12\/image-45-18x7.png 18w, https:\/\/ballot-box.eu\/wp-content\/uploads\/2023\/12\/image-45.png 1100w\" sizes=\"auto, (max-width: 1024px) 100vw, 1024px\" \/><\/figure>\n\n\n\n<p><\/p>\n\n\n\n<figure class=\"wp-block-table is-style-stripes\"><table><tbody><tr><td colspan=\"2\"><strong>\u0391\u03c1\u03c7\u03b7\u03b3\u03bf\u03af<\/strong><strong><\/strong><\/td><\/tr><tr><td>1987<\/td><td>Kalle K\u00f6nkk\u00f6l\u00e4<\/td><\/tr><tr><td>1987 \u2013 1991<\/td><td>Heidi Hautala<\/td><\/tr><tr><td>1991 \u2013 1993<\/td><td>Pekka Sauri<\/td><\/tr><tr><td>1993 \u2013 1995<\/td><td>Pekka Haavisto<\/td><\/tr><tr><td>1995 \u2013 1997<\/td><td>Tuija Brax<\/td><\/tr><tr><td>1997 \u2013 2001<\/td><td>Satu Hassi<\/td><\/tr><tr><td>2001 \u2013 2005<\/td><td>Osmo Soininvaara<\/td><\/tr><tr><td>2005 \u2013 2009<\/td><td>Tarja Cronberg<\/td><\/tr><tr><td>2009 \u2013 2011<\/td><td>Anni Sinnem\u00e4ki<\/td><\/tr><tr><td>2011 \u2013 2017<\/td><td>Ville Niinist\u00f6<\/td><\/tr><tr><td>2017 \u2013 2018<\/td><td>Touko Aalto<\/td><\/tr><tr><td>2018 \u2013 2019<\/td><td>Pekka Haavisto<\/td><\/tr><tr><td>2019 \u2013 2023<\/td><td>Maria Ohisalo<\/td><\/tr><tr><td>2023 &#8211;<\/td><td>Sofia Virta<\/td><\/tr><\/tbody><\/table><\/figure>","protected":false},"excerpt":{"rendered":"<p>Abbr. Logo Ideology Founded Founder Leader Website European Parliament Group VIHR Green politics, Green liberalism 28.02.1987 Sofia Virta http:\/\/vihreat.fi Elections Date Elections % Votes Seats &nbsp; 2023 7,03 217.426 13 6th 2019 EU 16,00 292.892 3 2nd 2019 11,49 354.194 20 5th 2015 8,53 253.102 15 5th 2014 EU 9,33 161.074 1 5th 2011 7,25 &#8230; <a title=\"\u03a0\u03c1\u03ac\u03c3\u03b9\u03bd\u03bf\u03c2 \u03a3\u03cd\u03bd\u03b4\u03b5\u03c3\u03bc\u03bf\u03c2\" class=\"read-more\" href=\"https:\/\/ballot-box.eu\/el\/green-league\" aria-label=\"Read more about Green League\">\u03a0\u03b5\u03c1\u03b9\u03c3\u03c3\u03cc\u03c4\u03b5\u03c1\u03b1<\/a><\/p>","protected":false},"author":1,"featured_media":0,"parent":0,"menu_order":0,"comment_status":"closed","ping_status":"closed","template":"","meta":{"footnotes":""},"class_list":["post-1732","page","type-page","status-publish"],"_links":{"self":[{"href":"https:\/\/ballot-box.eu\/el\/wp-json\/wp\/v2\/pages\/1732","targetHints":{"allow":["GET"]}}],"collection":[{"href":"https:\/\/ballot-box.eu\/el\/wp-json\/wp\/v2\/pages"}],"about":[{"href":"https:\/\/ballot-box.eu\/el\/wp-json\/wp\/v2\/types\/page"}],"author":[{"embeddable":true,"href":"https:\/\/ballot-box.eu\/el\/wp-json\/wp\/v2\/users\/1"}],"replies":[{"embeddable":true,"href":"https:\/\/ballot-box.eu\/el\/wp-json\/wp\/v2\/comments?post=1732"}],"version-history":[{"count":3,"href":"https:\/\/ballot-box.eu\/el\/wp-json\/wp\/v2\/pages\/1732\/revisions"}],"predecessor-version":[{"id":1770,"href":"https:\/\/ballot-box.eu\/el\/wp-json\/wp\/v2\/pages\/1732\/revisions\/1770"}],"wp:attachment":[{"href":"https:\/\/ballot-box.eu\/el\/wp-json\/wp\/v2\/media?parent=1732"}],"curies":[{"name":"wp","href":"https:\/\/api.w.org\/{rel}","templated":true}]}}