{"id":1747,"date":"2023-12-18T11:02:42","date_gmt":"2023-12-18T11:02:42","guid":{"rendered":"https:\/\/ballot-box.eu\/?page_id=1747"},"modified":"2023-12-18T11:11:33","modified_gmt":"2023-12-18T11:11:33","slug":"christian-democrats-2","status":"publish","type":"page","link":"https:\/\/ballot-box.eu\/el\/christian-democrats-2","title":{"rendered":"\u03a7\u03c1\u03b9\u03c3\u03c4\u03b9\u03b1\u03bd\u03bf\u03b4\u03b7\u03bc\u03bf\u03ba\u03c1\u03ac\u03c4\u03b5\u03c2"},"content":{"rendered":"<figure class=\"wp-block-table is-style-stripes\"><table><tbody><tr><td>Abbr.<\/td><td>\u039b\u03bf\u03b3\u03cc\u03c4\u03c5\u03c0\u03bf<\/td><td>\u0399\u03b4\u03b5\u03bf\u03bb\u03bf\u03b3\u03af\u03b1<\/td><td>\u038a\u03b4\u03c1\u03c5\u03c3\u03b7<\/td><td>\u0399\u03b4\u03c1\u03c5\u03c4\u03ae\u03c2<\/td><td>\u0391\u03c1\u03c7\u03b7\u03b3\u03cc\u03c2<\/td><td>\u0399\u03c3\u03c4\u03bf\u03c3\u03b5\u03bb\u03af\u03b4\u03b1<\/td><td>\u039f\u03bc\u03ac\u03b4\u03b1 \u0395\u03c5\u03c1\u03c9\u03c0\u03b1\u03ca\u03ba\u03bf\u03cd \u039a\u03bf\u03b9\u03bd\u03bf\u03b2\u03bf\u03c5\u03bb\u03af\u03bf\u03c5<\/td><\/tr><tr><td><strong>KD<\/strong><\/td><td><img loading=\"lazy\" decoding=\"async\" width=\"60\" height=\"58\" class=\"wp-image-1664\" style=\"width: 60px;\" src=\"https:\/\/ballot-box.eu\/wp-content\/uploads\/2023\/12\/KD_2023-1.png\" alt=\"\" srcset=\"https:\/\/ballot-box.eu\/wp-content\/uploads\/2023\/12\/KD_2023-1.png 800w, https:\/\/ballot-box.eu\/wp-content\/uploads\/2023\/12\/KD_2023-1-300x291.png 300w, https:\/\/ballot-box.eu\/wp-content\/uploads\/2023\/12\/KD_2023-1-768x744.png 768w, https:\/\/ballot-box.eu\/wp-content\/uploads\/2023\/12\/KD_2023-1-12x12.png 12w\" sizes=\"auto, (max-width: 60px) 100vw, 60px\" \/><\/td><td>\u03a7\u03c1\u03b9\u03c3\u03c4\u03b9\u03b1\u03bd\u03bf\u03b4\u03b7\u03bc\u03bf\u03ba\u03c1\u03b1\u03c4\u03af\u03b1<\/td><td>06.05.1958<\/td><td><\/td><td>Sari Essayah<\/td><td><a href=\"http:\/\/www.kd.fi\">http:\/\/www.kd.fi<\/a><\/td><td><img loading=\"lazy\" decoding=\"async\" width=\"80\" height=\"35\" class=\"wp-image-484\" style=\"width: 80px;\" src=\"https:\/\/ballot-box.eu\/wp-content\/uploads\/2023\/10\/1024px-EPP_EP_group_logo_2015.svg_.png\" alt=\"\" srcset=\"https:\/\/ballot-box.eu\/wp-content\/uploads\/2023\/10\/1024px-EPP_EP_group_logo_2015.svg_.png 1024w, https:\/\/ballot-box.eu\/wp-content\/uploads\/2023\/10\/1024px-EPP_EP_group_logo_2015.svg_-300x133.png 300w, https:\/\/ballot-box.eu\/wp-content\/uploads\/2023\/10\/1024px-EPP_EP_group_logo_2015.svg_-768x341.png 768w\" sizes=\"auto, (max-width: 80px) 100vw, 80px\" \/><\/td><\/tr><\/tbody><\/table><\/figure>\n\n\n\n<p><\/p>\n\n\n\n<h4 class=\"wp-block-heading\"><strong>\u0395\u03ba\u03bb\u03bf\u03b3\u03ad\u03c2<\/strong><\/h4>\n\n\n\n<figure class=\"wp-block-table is-style-stripes\"><table><tbody><tr><td><strong>\u0397\u03bc\u03b5\u03c1\u03bf\u03bc\u03b7\u03bd\u03af\u03b1<\/strong><\/td><td><strong>\u0395\u03ba\u03bb\u03bf\u03b3\u03ad\u03c2<\/strong><\/td><td class=\"has-text-align-right\" data-align=\"right\"><strong>%<\/strong><\/td><td class=\"has-text-align-right\" data-align=\"right\"><strong>\u03a8\u03ae\u03c6\u03bf\u03b9<\/strong><\/td><td class=\"has-text-align-right\" data-align=\"right\"><strong>\u0388\u03b4\u03c1\u03b5\u03c2<\/strong><\/td><td class=\"has-text-align-center\" data-align=\"center\"><strong>&nbsp;<\/strong><\/td><\/tr><tr><td><strong>2023<\/strong><strong><\/strong><\/td><td><\/td><td class=\"has-text-align-right\" data-align=\"right\">4,22<\/td><td class=\"has-text-align-right\" data-align=\"right\">130.694<\/td><td class=\"has-text-align-right\" data-align=\"right\">5<\/td><td class=\"has-text-align-center\" data-align=\"center\">8<sup>th<\/sup><\/td><\/tr><tr><td><strong>2019<\/strong><strong><\/strong><\/td><td>EU<\/td><td class=\"has-text-align-right\" data-align=\"right\">4,87<\/td><td class=\"has-text-align-right\" data-align=\"right\">89.204<\/td><td class=\"has-text-align-right\" data-align=\"right\">&nbsp;<\/td><td class=\"has-text-align-center\" data-align=\"center\">8<sup>th<\/sup><\/td><\/tr><tr><td><strong>2019<\/strong><strong><\/strong><\/td><td><\/td><td class=\"has-text-align-right\" data-align=\"right\">3,90<\/td><td class=\"has-text-align-right\" data-align=\"right\">120.144<\/td><td class=\"has-text-align-right\" data-align=\"right\">5<\/td><td class=\"has-text-align-center\" data-align=\"center\">8<sup>th<\/sup><\/td><\/tr><tr><td><strong>2015<\/strong><strong><\/strong><\/td><td><\/td><td class=\"has-text-align-right\" data-align=\"right\">3,54<\/td><td class=\"has-text-align-right\" data-align=\"right\">105.134<\/td><td class=\"has-text-align-right\" data-align=\"right\">5<\/td><td class=\"has-text-align-center\" data-align=\"center\">8<sup>th<\/sup><\/td><\/tr><tr><td><strong>2014<\/strong><strong><\/strong><\/td><td>EU<\/td><td class=\"has-text-align-right\" data-align=\"right\">5,24<\/td><td class=\"has-text-align-right\" data-align=\"right\">90.586<\/td><td class=\"has-text-align-right\" data-align=\"right\">&nbsp;<\/td><td class=\"has-text-align-center\" data-align=\"center\">8<sup>th<\/sup><\/td><\/tr><tr><td><strong>2011<\/strong><strong><\/strong><\/td><td><\/td><td class=\"has-text-align-right\" data-align=\"right\">4,03<\/td><td class=\"has-text-align-right\" data-align=\"right\">118.453<\/td><td class=\"has-text-align-right\" data-align=\"right\">6<\/td><td class=\"has-text-align-center\" data-align=\"center\">8<sup>th<\/sup><\/td><\/tr><tr><td><strong>2009<\/strong><strong><\/strong><\/td><td>EU<\/td><td class=\"has-text-align-right\" data-align=\"right\">4,17<\/td><td class=\"has-text-align-right\" data-align=\"right\">69.458<\/td><td class=\"has-text-align-right\" data-align=\"right\">1<\/td><td class=\"has-text-align-center\" data-align=\"center\">8<sup>th<\/sup><\/td><\/tr><tr><td><strong>2007<\/strong><strong><\/strong><\/td><td><\/td><td class=\"has-text-align-right\" data-align=\"right\">4,86<\/td><td class=\"has-text-align-right\" data-align=\"right\">134.790<\/td><td class=\"has-text-align-right\" data-align=\"right\">7<\/td><td class=\"has-text-align-center\" data-align=\"center\">6<sup>th<\/sup><\/td><\/tr><tr><td><strong>2004<\/strong><strong><\/strong><\/td><td>EU<\/td><td class=\"has-text-align-right\" data-align=\"right\">4,28<\/td><td class=\"has-text-align-right\" data-align=\"right\">70.845<\/td><td class=\"has-text-align-right\" data-align=\"right\">&nbsp;<\/td><td class=\"has-text-align-center\" data-align=\"center\">7<sup>th<\/sup><\/td><\/tr><tr><td><strong>2003<\/strong><strong><\/strong><\/td><td><\/td><td class=\"has-text-align-right\" data-align=\"right\">5,34<\/td><td class=\"has-text-align-right\" data-align=\"right\">148.987<\/td><td class=\"has-text-align-right\" data-align=\"right\">7<\/td><td class=\"has-text-align-center\" data-align=\"center\">6<sup>th<\/sup><\/td><\/tr><\/tbody><\/table><\/figure>\n\n\n\n<p><\/p>\n\n\n\n<figure class=\"wp-block-image size-large\"><img loading=\"lazy\" decoding=\"async\" width=\"1024\" height=\"404\" src=\"https:\/\/ballot-box.eu\/wp-content\/uploads\/2023\/12\/image-49-1024x404.png\" alt=\"\" class=\"wp-image-1749\" srcset=\"https:\/\/ballot-box.eu\/wp-content\/uploads\/2023\/12\/image-49-1024x404.png 1024w, https:\/\/ballot-box.eu\/wp-content\/uploads\/2023\/12\/image-49-300x118.png 300w, https:\/\/ballot-box.eu\/wp-content\/uploads\/2023\/12\/image-49-768x303.png 768w, https:\/\/ballot-box.eu\/wp-content\/uploads\/2023\/12\/image-49-18x7.png 18w, https:\/\/ballot-box.eu\/wp-content\/uploads\/2023\/12\/image-49.png 1092w\" sizes=\"auto, (max-width: 1024px) 100vw, 1024px\" \/><\/figure>\n\n\n\n<p><\/p>\n\n\n\n<figure class=\"wp-block-image size-large\"><img loading=\"lazy\" decoding=\"async\" width=\"1024\" height=\"420\" src=\"https:\/\/ballot-box.eu\/wp-content\/uploads\/2023\/12\/image-50-1024x420.png\" alt=\"\" class=\"wp-image-1750\" srcset=\"https:\/\/ballot-box.eu\/wp-content\/uploads\/2023\/12\/image-50-1024x420.png 1024w, https:\/\/ballot-box.eu\/wp-content\/uploads\/2023\/12\/image-50-300x123.png 300w, https:\/\/ballot-box.eu\/wp-content\/uploads\/2023\/12\/image-50-768x315.png 768w, https:\/\/ballot-box.eu\/wp-content\/uploads\/2023\/12\/image-50-18x7.png 18w, https:\/\/ballot-box.eu\/wp-content\/uploads\/2023\/12\/image-50.png 1092w\" sizes=\"auto, (max-width: 1024px) 100vw, 1024px\" \/><\/figure>\n\n\n\n<p><\/p>\n\n\n\n<figure class=\"wp-block-image size-large\"><img loading=\"lazy\" decoding=\"async\" width=\"1024\" height=\"420\" src=\"https:\/\/ballot-box.eu\/wp-content\/uploads\/2023\/12\/image-51-1024x420.png\" alt=\"\" class=\"wp-image-1751\" srcset=\"https:\/\/ballot-box.eu\/wp-content\/uploads\/2023\/12\/image-51-1024x420.png 1024w, https:\/\/ballot-box.eu\/wp-content\/uploads\/2023\/12\/image-51-300x123.png 300w, https:\/\/ballot-box.eu\/wp-content\/uploads\/2023\/12\/image-51-768x315.png 768w, https:\/\/ballot-box.eu\/wp-content\/uploads\/2023\/12\/image-51-18x7.png 18w, https:\/\/ballot-box.eu\/wp-content\/uploads\/2023\/12\/image-51.png 1092w\" sizes=\"auto, (max-width: 1024px) 100vw, 1024px\" \/><\/figure>\n\n\n\n<p><\/p>\n\n\n\n<figure class=\"wp-block-table is-style-stripes\"><table><tbody><tr><td colspan=\"2\"><strong>\u0391\u03c1\u03c7\u03b7\u03b3\u03bf\u03af<\/strong><strong><\/strong><\/td><\/tr><tr><td>1958 \u2013 1964<\/td><td>Olavi P\u00e4iv\u00e4nsalo<\/td><\/tr><tr><td>1964 \u2013 1967<\/td><td>Ahti Tele<\/td><\/tr><tr><td>1967 \u2013 1970<\/td><td>Eino Sares<\/td><\/tr><tr><td>1970 \u2013 1973<\/td><td>Olavi Majlander<\/td><\/tr><tr><td>1973 \u2013 1982<\/td><td>Raino Westerholm<\/td><\/tr><tr><td>1982 \u2013 1989<\/td><td>Esko Almgren<\/td><\/tr><tr><td>1989 \u2013 1995<\/td><td>Toimi Kankaanniemi<\/td><\/tr><tr><td>1995 \u2013 2004<\/td><td>Bjarne Kallis<\/td><\/tr><tr><td>2004 \u2013 2015<\/td><td>P\u00e4ivi R\u00e4s\u00e4nen<\/td><\/tr><tr><td>2015 &#8211;<\/td><td>Sari Essayah<\/td><\/tr><\/tbody><\/table><\/figure>","protected":false},"excerpt":{"rendered":"<p>Abbr. Logo Ideology Founded Founder Leader Website European Parliament Group KD Christian Democracy 06.05.1958 Sari Essayah http:\/\/www.kd.fi Elections Date Elections % Votes Seats &nbsp; 2023 4,22 130.694 5 8th 2019 EU 4,87 89.204 &nbsp; 8th 2019 3,90 120.144 5 8th 2015 3,54 105.134 5 8th 2014 EU 5,24 90.586 &nbsp; 8th 2011 4,03 118.453 6 &#8230; <a title=\"\u03a7\u03c1\u03b9\u03c3\u03c4\u03b9\u03b1\u03bd\u03bf\u03b4\u03b7\u03bc\u03bf\u03ba\u03c1\u03ac\u03c4\u03b5\u03c2\" class=\"read-more\" href=\"https:\/\/ballot-box.eu\/el\/christian-democrats-2\" aria-label=\"Read more about Christian Democrats\">\u03a0\u03b5\u03c1\u03b9\u03c3\u03c3\u03cc\u03c4\u03b5\u03c1\u03b1<\/a><\/p>","protected":false},"author":1,"featured_media":0,"parent":0,"menu_order":0,"comment_status":"closed","ping_status":"closed","template":"","meta":{"footnotes":""},"class_list":["post-1747","page","type-page","status-publish"],"_links":{"self":[{"href":"https:\/\/ballot-box.eu\/el\/wp-json\/wp\/v2\/pages\/1747","targetHints":{"allow":["GET"]}}],"collection":[{"href":"https:\/\/ballot-box.eu\/el\/wp-json\/wp\/v2\/pages"}],"about":[{"href":"https:\/\/ballot-box.eu\/el\/wp-json\/wp\/v2\/types\/page"}],"author":[{"embeddable":true,"href":"https:\/\/ballot-box.eu\/el\/wp-json\/wp\/v2\/users\/1"}],"replies":[{"embeddable":true,"href":"https:\/\/ballot-box.eu\/el\/wp-json\/wp\/v2\/comments?post=1747"}],"version-history":[{"count":3,"href":"https:\/\/ballot-box.eu\/el\/wp-json\/wp\/v2\/pages\/1747\/revisions"}],"predecessor-version":[{"id":1765,"href":"https:\/\/ballot-box.eu\/el\/wp-json\/wp\/v2\/pages\/1747\/revisions\/1765"}],"wp:attachment":[{"href":"https:\/\/ballot-box.eu\/el\/wp-json\/wp\/v2\/media?parent=1747"}],"curies":[{"name":"wp","href":"https:\/\/api.w.org\/{rel}","templated":true}]}}