{"id":1888,"date":"2024-01-09T10:45:26","date_gmt":"2024-01-09T10:45:26","guid":{"rendered":"https:\/\/ballot-box.eu\/?page_id=1888"},"modified":"2024-01-09T10:45:27","modified_gmt":"2024-01-09T10:45:27","slug":"social-democratic-alliance","status":"publish","type":"page","link":"https:\/\/ballot-box.eu\/el\/social-democratic-alliance","title":{"rendered":"\u03a3\u03bf\u03c3\u03b9\u03b1\u03bb\u03b4\u03b7\u03bc\u03bf\u03ba\u03c1\u03b1\u03c4\u03b9\u03ba\u03ae \u03a3\u03c5\u03bc\u03bc\u03b1\u03c7\u03af\u03b1"},"content":{"rendered":"<figure class=\"wp-block-table is-style-stripes\"><table><tbody><tr><td>Abbr.<\/td><td>\u039b\u03bf\u03b3\u03cc\u03c4\u03c5\u03c0\u03bf<\/td><td>\u0399\u03b4\u03b5\u03bf\u03bb\u03bf\u03b3\u03af\u03b1<\/td><td>\u038a\u03b4\u03c1\u03c5\u03c3\u03b7<\/td><td>\u0399\u03b4\u03c1\u03c5\u03c4\u03ae\u03c2<\/td><td>\u0391\u03c1\u03c7\u03b7\u03b3\u03cc\u03c2<\/td><td>\u0399\u03c3\u03c4\u03bf\u03c3\u03b5\u03bb\u03af\u03b4\u03b1<\/td><td>\u039f\u03bc\u03ac\u03b4\u03b1 \u0395\u03c5\u03c1\u03c9\u03c0\u03b1\u03ca\u03ba\u03bf\u03cd \u039a\u03bf\u03b9\u03bd\u03bf\u03b2\u03bf\u03c5\u03bb\u03af\u03bf\u03c5<\/td><\/tr><tr><td><strong>S<\/strong><\/td><td><img loading=\"lazy\" decoding=\"async\" width=\"50\" height=\"49\" class=\"wp-image-1817\" style=\"width: 50px;\" src=\"https:\/\/ballot-box.eu\/wp-content\/uploads\/2024\/01\/S_2023-original.png\" alt=\"\" srcset=\"https:\/\/ballot-box.eu\/wp-content\/uploads\/2024\/01\/S_2023-original.png 1024w, https:\/\/ballot-box.eu\/wp-content\/uploads\/2024\/01\/S_2023-original-300x294.png 300w, https:\/\/ballot-box.eu\/wp-content\/uploads\/2024\/01\/S_2023-original-150x150.png 150w, https:\/\/ballot-box.eu\/wp-content\/uploads\/2024\/01\/S_2023-original-768x754.png 768w, https:\/\/ballot-box.eu\/wp-content\/uploads\/2024\/01\/S_2023-original-12x12.png 12w\" sizes=\"auto, (max-width: 50px) 100vw, 50px\" \/><\/td><td>\u0394\u03b7\u03bc\u03bf\u03ba\u03c1\u03b1\u03c4\u03b9\u03ba\u03cc\u03c2 \u03a3\u03bf\u03c3\u03b9\u03b1\u03bb\u03b9\u03c3\u03bc\u03cc\u03c2, \u03a6\u03b5\u03bc\u03b9\u03bd\u03b9\u03c3\u03bc\u03cc\u03c2, \u03a6\u03b9\u03bb\u03bf-\u03b5\u03c5\u03c1\u03c9\u03c0\u03b1\u03af\u03bf\u03b9<\/td><td>05.05.2000<\/td><td><\/td><td>Kristr\u00fan Frostad\u00f3ttir<\/td><td><a href=\"http:\/\/samfylkingin.is\">http:\/\/samfylkingin.is<\/a><\/td><td><\/td><\/tr><\/tbody><\/table><\/figure>\n\n\n\n<p><\/p>\n\n\n\n<h4 class=\"wp-block-heading\"><strong>\u0395\u03ba\u03bb\u03bf\u03b3\u03ad\u03c2<\/strong><\/h4>\n\n\n\n<figure class=\"wp-block-table is-style-stripes\"><table><tbody><tr><td><strong>\u0395\u03ba\u03bb\u03bf\u03b3\u03ad\u03c2<\/strong><\/td><td class=\"has-text-align-right\" data-align=\"right\"><strong>%<\/strong><\/td><td class=\"has-text-align-right\" data-align=\"right\"><strong>\u03a8\u03ae\u03c6\u03bf\u03b9<\/strong><\/td><td class=\"has-text-align-right\" data-align=\"right\"><strong>\u0388\u03b4\u03c1\u03b5\u03c2<\/strong><\/td><td class=\"has-text-align-center\" data-align=\"center\"><strong>&nbsp;<\/strong><\/td><\/tr><tr><td><strong>2021<\/strong><\/td><td class=\"has-text-align-right\" data-align=\"right\">9,93<\/td><td class=\"has-text-align-right\" data-align=\"right\">19.825<\/td><td class=\"has-text-align-right\" data-align=\"right\">6<\/td><td class=\"has-text-align-center\" data-align=\"center\">4<sup>th<\/sup><\/td><\/tr><tr><td><strong>2017<\/strong><\/td><td class=\"has-text-align-right\" data-align=\"right\">12,05<\/td><td class=\"has-text-align-right\" data-align=\"right\">23.652<\/td><td class=\"has-text-align-right\" data-align=\"right\">7<\/td><td class=\"has-text-align-center\" data-align=\"center\">4<sup>th<\/sup><\/td><\/tr><tr><td><strong>201<\/strong><strong>6<\/strong><\/td><td class=\"has-text-align-right\" data-align=\"right\">5,74<\/td><td class=\"has-text-align-right\" data-align=\"right\">10.893<\/td><td class=\"has-text-align-right\" data-align=\"right\">3<\/td><td class=\"has-text-align-center\" data-align=\"center\">7<sup>th<\/sup><\/td><\/tr><tr><td><strong>201<\/strong><strong>3<\/strong><\/td><td class=\"has-text-align-right\" data-align=\"right\">12,85<\/td><td class=\"has-text-align-right\" data-align=\"right\">24.292<\/td><td class=\"has-text-align-right\" data-align=\"right\">9<\/td><td class=\"has-text-align-center\" data-align=\"center\">3<sup>rd<\/sup><\/td><\/tr><tr><td><strong>2009<\/strong><\/td><td class=\"has-text-align-right\" data-align=\"right\">29,79<\/td><td class=\"has-text-align-right\" data-align=\"right\">55.758<\/td><td class=\"has-text-align-right\" data-align=\"right\">20<\/td><td class=\"has-text-align-center\" data-align=\"center\">1<sup>st<\/sup><\/td><\/tr><tr><td><strong>20<\/strong><strong>07<\/strong><\/td><td class=\"has-text-align-right\" data-align=\"right\">26,76<\/td><td class=\"has-text-align-right\" data-align=\"right\">48.743<\/td><td class=\"has-text-align-right\" data-align=\"right\">18<\/td><td class=\"has-text-align-center\" data-align=\"center\">2<sup>nd<\/sup><\/td><\/tr><tr><td><strong>2003<\/strong><\/td><td class=\"has-text-align-right\" data-align=\"right\">30,95<\/td><td class=\"has-text-align-right\" data-align=\"right\">56.700<\/td><td class=\"has-text-align-right\" data-align=\"right\">20<\/td><td class=\"has-text-align-center\" data-align=\"center\">2<sup>nd<\/sup><\/td><\/tr><\/tbody><\/table><\/figure>\n\n\n\n<p><\/p>\n\n\n\n<figure class=\"wp-block-image size-large\"><img loading=\"lazy\" decoding=\"async\" width=\"1024\" height=\"404\" src=\"https:\/\/ballot-box.eu\/wp-content\/uploads\/2024\/01\/image-16-1024x404.png\" alt=\"\" class=\"wp-image-1890\" srcset=\"https:\/\/ballot-box.eu\/wp-content\/uploads\/2024\/01\/image-16-1024x404.png 1024w, https:\/\/ballot-box.eu\/wp-content\/uploads\/2024\/01\/image-16-300x118.png 300w, https:\/\/ballot-box.eu\/wp-content\/uploads\/2024\/01\/image-16-768x303.png 768w, https:\/\/ballot-box.eu\/wp-content\/uploads\/2024\/01\/image-16-18x7.png 18w, https:\/\/ballot-box.eu\/wp-content\/uploads\/2024\/01\/image-16.png 1092w\" sizes=\"auto, (max-width: 1024px) 100vw, 1024px\" \/><\/figure>\n\n\n\n<p><\/p>\n\n\n\n<figure class=\"wp-block-image size-large\"><img loading=\"lazy\" decoding=\"async\" width=\"1024\" height=\"420\" src=\"https:\/\/ballot-box.eu\/wp-content\/uploads\/2024\/01\/image-17-1024x420.png\" alt=\"\" class=\"wp-image-1891\" srcset=\"https:\/\/ballot-box.eu\/wp-content\/uploads\/2024\/01\/image-17-1024x420.png 1024w, https:\/\/ballot-box.eu\/wp-content\/uploads\/2024\/01\/image-17-300x123.png 300w, https:\/\/ballot-box.eu\/wp-content\/uploads\/2024\/01\/image-17-768x315.png 768w, https:\/\/ballot-box.eu\/wp-content\/uploads\/2024\/01\/image-17-18x7.png 18w, https:\/\/ballot-box.eu\/wp-content\/uploads\/2024\/01\/image-17.png 1092w\" sizes=\"auto, (max-width: 1024px) 100vw, 1024px\" \/><\/figure>\n\n\n\n<p><\/p>\n\n\n\n<h5 class=\"wp-block-heading\"><strong>\u0399\u03c3\u03c4\u03bf\u03c1\u03b9\u03b1 \u039a\u03cc\u03bc\u03bc\u03b1\u03c4\u03bf\u03c2<\/strong><\/h5>\n\n\n\n<p>\u03a3\u03c5\u03b3\u03c7\u03ce\u03bd\u03b5\u03c5\u03c3\u03b7 \u0395\u03b8\u03bd\u03b9\u03ba\u03ae\u03c2 \u0391\u03c6\u03cd\u03c0\u03bd\u03b9\u03c3\u03b7\u03c2, \u039b\u03b1\u03ca\u03ba\u03ae\u03c2 \u03a3\u03c5\u03bc\u03bc\u03b1\u03c7\u03af\u03b1\u03c2, \u03a3\u03bf\u03c3\u03b9\u03b1\u03bb\u03b4\u03b7\u03bc\u03bf\u03ba\u03c1\u03b1\u03c4\u03b9\u03ba\u03bf\u03cd \u039a\u03cc\u03bc\u03bc\u03b1\u03c4\u03bf\u03c2 \u03ba\u03b1\u03b9 \u0393\u03c5\u03bd\u03b1\u03b9\u03ba\u03b5\u03af\u03b1\u03c2 \u039b\u03af\u03c3\u03c4\u03b1\u03c2.<\/p>\n\n\n\n<figure class=\"wp-block-table is-style-stripes\"><table><tbody><tr><td colspan=\"2\"><strong>\u0391\u03c1\u03c7\u03b7\u03b3\u03bf\u03af<\/strong><\/td><\/tr><tr><td>1999 \u2013 2000<\/td><td>Margr\u00e9t Fr\u00edmannsd\u00f3ttir<\/td><\/tr><tr><td>2000 \u2013 2005<\/td><td>\u00d6ssur Skarph\u00e9\u00f0insson<\/td><\/tr><tr><td>2005 \u2013 2009<\/td><td>Ingibj\u00f6rg S\u00f3lr\u00fan G\u00edslad\u00f3ttir<\/td><\/tr><tr><td>2009 \u2013 2013<\/td><td>J\u00f3hanna Sigur\u00f0ard\u00f3ttir<\/td><\/tr><tr><td>2013 \u2013 2016<\/td><td>\u00c1rni P\u00e1ll \u00c1rnason<\/td><\/tr><tr><td>2016 \u2013 2016<\/td><td>Oddn\u00fd Gu\u00f0bj\u00f6rg Har\u00f0ard\u00f3ttir<\/td><\/tr><tr><td>2016 \u2013 2022<\/td><td>Logi M\u00e1r Einarsson<\/td><\/tr><tr><td>2022<\/td><td>Kristr\u00fan Frostad\u00f3ttir<\/td><\/tr><\/tbody><\/table><\/figure>","protected":false},"excerpt":{"rendered":"<p>Abbr. Logo Ideology Founded Founder Leader Website European Parliament Group S Democratic socialism, Feminism, Pro-Europeanism 05.05.2000 Kristr\u00fan Frostad\u00f3ttir http:\/\/samfylkingin.is Elections Elections % Votes Seats &nbsp; 2021 9,93 19.825 6 4th 2017 12,05 23.652 7 4th 2016 5,74 10.893 3 7th 2013 12,85 24.292 9 3rd 2009 29,79 55.758 20 1st 2007 26,76 48.743 18 2nd &#8230; <a title=\"\u03a3\u03bf\u03c3\u03b9\u03b1\u03bb\u03b4\u03b7\u03bc\u03bf\u03ba\u03c1\u03b1\u03c4\u03b9\u03ba\u03ae \u03a3\u03c5\u03bc\u03bc\u03b1\u03c7\u03af\u03b1\" class=\"read-more\" href=\"https:\/\/ballot-box.eu\/el\/social-democratic-alliance\" aria-label=\"Read more about Social Democratic Alliance\">\u03a0\u03b5\u03c1\u03b9\u03c3\u03c3\u03cc\u03c4\u03b5\u03c1\u03b1<\/a><\/p>","protected":false},"author":1,"featured_media":0,"parent":0,"menu_order":0,"comment_status":"closed","ping_status":"closed","template":"","meta":{"footnotes":""},"class_list":["post-1888","page","type-page","status-publish"],"_links":{"self":[{"href":"https:\/\/ballot-box.eu\/el\/wp-json\/wp\/v2\/pages\/1888","targetHints":{"allow":["GET"]}}],"collection":[{"href":"https:\/\/ballot-box.eu\/el\/wp-json\/wp\/v2\/pages"}],"about":[{"href":"https:\/\/ballot-box.eu\/el\/wp-json\/wp\/v2\/types\/page"}],"author":[{"embeddable":true,"href":"https:\/\/ballot-box.eu\/el\/wp-json\/wp\/v2\/users\/1"}],"replies":[{"embeddable":true,"href":"https:\/\/ballot-box.eu\/el\/wp-json\/wp\/v2\/comments?post=1888"}],"version-history":[{"count":1,"href":"https:\/\/ballot-box.eu\/el\/wp-json\/wp\/v2\/pages\/1888\/revisions"}],"predecessor-version":[{"id":1892,"href":"https:\/\/ballot-box.eu\/el\/wp-json\/wp\/v2\/pages\/1888\/revisions\/1892"}],"wp:attachment":[{"href":"https:\/\/ballot-box.eu\/el\/wp-json\/wp\/v2\/media?parent=1888"}],"curies":[{"name":"wp","href":"https:\/\/api.w.org\/{rel}","templated":true}]}}