{"id":1902,"date":"2024-01-09T10:51:18","date_gmt":"2024-01-09T10:51:18","guid":{"rendered":"https:\/\/ballot-box.eu\/?page_id=1902"},"modified":"2024-01-09T10:51:18","modified_gmt":"2024-01-09T10:51:18","slug":"pirate-party","status":"publish","type":"page","link":"https:\/\/ballot-box.eu\/el\/pirate-party","title":{"rendered":"\u039a\u03cc\u03bc\u03bc\u03b1 \u03a0\u03b5\u03b9\u03c1\u03b1\u03c4\u03ce\u03bd"},"content":{"rendered":"<figure class=\"wp-block-table is-style-stripes\"><table><tbody><tr><td>Abbr.<\/td><td>\u039b\u03bf\u03b3\u03cc\u03c4\u03c5\u03c0\u03bf<\/td><td>\u0399\u03b4\u03b5\u03bf\u03bb\u03bf\u03b3\u03af\u03b1<\/td><td>\u038a\u03b4\u03c1\u03c5\u03c3\u03b7<\/td><td>\u0399\u03b4\u03c1\u03c5\u03c4\u03ae\u03c2<\/td><td>\u0391\u03c1\u03c7\u03b7\u03b3\u03cc\u03c2<\/td><td>\u0399\u03c3\u03c4\u03bf\u03c3\u03b5\u03bb\u03af\u03b4\u03b1<\/td><td>\u039f\u03bc\u03ac\u03b4\u03b1 \u0395\u03c5\u03c1\u03c9\u03c0\u03b1\u03ca\u03ba\u03bf\u03cd \u039a\u03bf\u03b9\u03bd\u03bf\u03b2\u03bf\u03c5\u03bb\u03af\u03bf\u03c5<\/td><\/tr><tr><td><strong>P<\/strong><\/td><td><img loading=\"lazy\" decoding=\"async\" width=\"50\" height=\"50\" class=\"wp-image-1816\" style=\"width: 50px;\" src=\"https:\/\/ballot-box.eu\/wp-content\/uploads\/2024\/01\/P_2023.png\" alt=\"\" srcset=\"https:\/\/ballot-box.eu\/wp-content\/uploads\/2024\/01\/P_2023.png 800w, https:\/\/ballot-box.eu\/wp-content\/uploads\/2024\/01\/P_2023-300x300.png 300w, https:\/\/ballot-box.eu\/wp-content\/uploads\/2024\/01\/P_2023-150x150.png 150w, https:\/\/ballot-box.eu\/wp-content\/uploads\/2024\/01\/P_2023-768x768.png 768w, https:\/\/ballot-box.eu\/wp-content\/uploads\/2024\/01\/P_2023-12x12.png 12w\" sizes=\"auto, (max-width: 50px) 100vw, 50px\" \/><\/td><td>\u03a0\u03bf\u03bb\u03b9\u03c4\u03b9\u03ba\u03ad\u03c2 \u03c4\u03c9\u03bd \u03a0\u03b5\u03b9\u03c1\u03b1\u03c4\u03ce\u03bd, \u0386\u03bc\u03b5\u03c3\u03b7 \u0394\u03b7\u03bc\u03bf\u03ba\u03c1\u03b1\u03c4\u03af\u03b1, \u0391\u03bd\u03bf\u03b9\u03c7\u03c4\u03ae \u03b4\u03b9\u03b1\u03ba\u03c5\u03b2\u03ad\u03c1\u03bd\u03b7\u03c3\u03b7<\/td><td>24.11.2012<\/td><td>Halld\u00f3ra Mogensen<br>Birgitta J\u00f3nsd\u00f3ttir<br>Bj\u00f6rn \u00de\u00f3r J\u00f3hannesson<br>Eva Lind \u00deur\u00ed\u00f0ard\u00f3ttir<br>Helgi Hrafn Gunnarsson<br>J\u00f3n \u00de\u00f3r \u00d3lafsson<br>Jason Scott Katz<br>Sm\u00e1ri McCarthy<\/td><td>Rotation<\/td><td><a href=\"http:\/\/piratar.is\">http:\/\/piratar.is<\/a><\/td><td><\/td><\/tr><\/tbody><\/table><\/figure>\n\n\n\n<p><\/p>\n\n\n\n<h4 class=\"wp-block-heading\"><strong>\u0395\u03ba\u03bb\u03bf\u03b3\u03ad\u03c2<\/strong><\/h4>\n\n\n\n<figure class=\"wp-block-table is-style-stripes\"><table><tbody><tr><td><strong>\u0395\u03ba\u03bb\u03bf\u03b3\u03ad\u03c2<\/strong><\/td><td class=\"has-text-align-right\" data-align=\"right\"><strong>%<\/strong><\/td><td class=\"has-text-align-right\" data-align=\"right\"><strong>\u03a8\u03ae\u03c6\u03bf\u03b9<\/strong><\/td><td class=\"has-text-align-right\" data-align=\"right\"><strong>\u0388\u03b4\u03c1\u03b5\u03c2<\/strong><\/td><td class=\"has-text-align-center\" data-align=\"center\"><strong>&nbsp;<\/strong><\/td><\/tr><tr><td><strong>2021<\/strong><\/td><td class=\"has-text-align-right\" data-align=\"right\">8,63<\/td><td class=\"has-text-align-right\" data-align=\"right\">17.233<\/td><td class=\"has-text-align-right\" data-align=\"right\">6<\/td><td class=\"has-text-align-center\" data-align=\"center\">6<sup>th<\/sup><\/td><\/tr><tr><td><strong>2017<\/strong><\/td><td class=\"has-text-align-right\" data-align=\"right\">9,20<\/td><td class=\"has-text-align-right\" data-align=\"right\">18.053<\/td><td class=\"has-text-align-right\" data-align=\"right\">6<\/td><td class=\"has-text-align-center\" data-align=\"center\">6<sup>th<\/sup><\/td><\/tr><tr><td><strong>201<\/strong><strong>6<\/strong><\/td><td class=\"has-text-align-right\" data-align=\"right\">14,48<\/td><td class=\"has-text-align-right\" data-align=\"right\">27.466<\/td><td class=\"has-text-align-right\" data-align=\"right\">10<\/td><td class=\"has-text-align-center\" data-align=\"center\">3<sup>rd<\/sup><\/td><\/tr><tr><td><strong>2013<\/strong><\/td><td class=\"has-text-align-right\" data-align=\"right\">5,10<\/td><td class=\"has-text-align-right\" data-align=\"right\">9.648<\/td><td class=\"has-text-align-right\" data-align=\"right\">3<\/td><td class=\"has-text-align-center\" data-align=\"center\">6<sup>th<\/sup><\/td><\/tr><\/tbody><\/table><\/figure>\n\n\n\n<p><\/p>\n\n\n\n<figure class=\"wp-block-image size-large\"><img loading=\"lazy\" decoding=\"async\" width=\"1024\" height=\"404\" src=\"https:\/\/ballot-box.eu\/wp-content\/uploads\/2024\/01\/image-20-1024x404.png\" alt=\"\" class=\"wp-image-1903\" srcset=\"https:\/\/ballot-box.eu\/wp-content\/uploads\/2024\/01\/image-20-1024x404.png 1024w, https:\/\/ballot-box.eu\/wp-content\/uploads\/2024\/01\/image-20-300x118.png 300w, https:\/\/ballot-box.eu\/wp-content\/uploads\/2024\/01\/image-20-768x303.png 768w, https:\/\/ballot-box.eu\/wp-content\/uploads\/2024\/01\/image-20-18x7.png 18w, https:\/\/ballot-box.eu\/wp-content\/uploads\/2024\/01\/image-20.png 1092w\" sizes=\"auto, (max-width: 1024px) 100vw, 1024px\" \/><\/figure>\n\n\n\n<p><\/p>\n\n\n\n<figure class=\"wp-block-image size-large\"><img loading=\"lazy\" decoding=\"async\" width=\"1024\" height=\"420\" src=\"https:\/\/ballot-box.eu\/wp-content\/uploads\/2024\/01\/image-21-1024x420.png\" alt=\"\" class=\"wp-image-1904\" srcset=\"https:\/\/ballot-box.eu\/wp-content\/uploads\/2024\/01\/image-21-1024x420.png 1024w, https:\/\/ballot-box.eu\/wp-content\/uploads\/2024\/01\/image-21-300x123.png 300w, https:\/\/ballot-box.eu\/wp-content\/uploads\/2024\/01\/image-21-768x315.png 768w, https:\/\/ballot-box.eu\/wp-content\/uploads\/2024\/01\/image-21-18x7.png 18w, https:\/\/ballot-box.eu\/wp-content\/uploads\/2024\/01\/image-21.png 1092w\" sizes=\"auto, (max-width: 1024px) 100vw, 1024px\" \/><\/figure>\n\n\n\n<p><\/p>\n\n\n\n<figure class=\"wp-block-table is-style-stripes\"><table><tbody><tr><td colspan=\"2\"><strong>\u0391\u03c1\u03c7\u03b7\u03b3\u03bf\u03af<\/strong><\/td><\/tr><tr><td>&nbsp;<\/td><td>&nbsp;<\/td><\/tr><\/tbody><\/table><\/figure>","protected":false},"excerpt":{"rendered":"<p>Abbr. Logo Ideology Founded Founder Leader Website European Parliament Group P Pirate politics, Direct democracy, Open government 24.11.2012 Halld\u00f3ra MogensenBirgitta J\u00f3nsd\u00f3ttirBj\u00f6rn \u00de\u00f3r J\u00f3hannessonEva Lind \u00deur\u00ed\u00f0ard\u00f3ttirHelgi Hrafn GunnarssonJ\u00f3n \u00de\u00f3r \u00d3lafssonJason Scott KatzSm\u00e1ri McCarthy Rotation http:\/\/piratar.is Elections Elections % Votes Seats &nbsp; 2021 8,63 17.233 6 6th 2017 9,20 18.053 6 6th 2016 14,48 27.466 10 3rd &#8230; <a title=\"\u039a\u03cc\u03bc\u03bc\u03b1 \u03a0\u03b5\u03b9\u03c1\u03b1\u03c4\u03ce\u03bd\" class=\"read-more\" href=\"https:\/\/ballot-box.eu\/el\/pirate-party\" aria-label=\"Read more about Pirate Party\">\u03a0\u03b5\u03c1\u03b9\u03c3\u03c3\u03cc\u03c4\u03b5\u03c1\u03b1<\/a><\/p>","protected":false},"author":1,"featured_media":0,"parent":0,"menu_order":0,"comment_status":"closed","ping_status":"closed","template":"","meta":{"footnotes":""},"class_list":["post-1902","page","type-page","status-publish"],"_links":{"self":[{"href":"https:\/\/ballot-box.eu\/el\/wp-json\/wp\/v2\/pages\/1902","targetHints":{"allow":["GET"]}}],"collection":[{"href":"https:\/\/ballot-box.eu\/el\/wp-json\/wp\/v2\/pages"}],"about":[{"href":"https:\/\/ballot-box.eu\/el\/wp-json\/wp\/v2\/types\/page"}],"author":[{"embeddable":true,"href":"https:\/\/ballot-box.eu\/el\/wp-json\/wp\/v2\/users\/1"}],"replies":[{"embeddable":true,"href":"https:\/\/ballot-box.eu\/el\/wp-json\/wp\/v2\/comments?post=1902"}],"version-history":[{"count":1,"href":"https:\/\/ballot-box.eu\/el\/wp-json\/wp\/v2\/pages\/1902\/revisions"}],"predecessor-version":[{"id":1905,"href":"https:\/\/ballot-box.eu\/el\/wp-json\/wp\/v2\/pages\/1902\/revisions\/1905"}],"wp:attachment":[{"href":"https:\/\/ballot-box.eu\/el\/wp-json\/wp\/v2\/media?parent=1902"}],"curies":[{"name":"wp","href":"https:\/\/api.w.org\/{rel}","templated":true}]}}