{"id":1911,"date":"2024-01-09T10:56:10","date_gmt":"2024-01-09T10:56:10","guid":{"rendered":"https:\/\/ballot-box.eu\/?page_id=1911"},"modified":"2024-01-09T10:56:12","modified_gmt":"2024-01-09T10:56:12","slug":"centre-party-4","status":"publish","type":"page","link":"https:\/\/ballot-box.eu\/el\/centre-party-4","title":{"rendered":"\u039a\u03b5\u03bd\u03c4\u03c1\u03ce\u03bf \u039a\u03cc\u03bc\u03bc\u03b1"},"content":{"rendered":"<figure class=\"wp-block-table is-style-stripes\"><table><tbody><tr><td>Abbr.<\/td><td>\u039b\u03bf\u03b3\u03cc\u03c4\u03c5\u03c0\u03bf<\/td><td>\u0399\u03b4\u03b5\u03bf\u03bb\u03bf\u03b3\u03af\u03b1<\/td><td>\u038a\u03b4\u03c1\u03c5\u03c3\u03b7<\/td><td>\u0399\u03b4\u03c1\u03c5\u03c4\u03ae\u03c2<\/td><td>\u0391\u03c1\u03c7\u03b7\u03b3\u03cc\u03c2<\/td><td>\u0399\u03c3\u03c4\u03bf\u03c3\u03b5\u03bb\u03af\u03b4\u03b1<\/td><td>\u039f\u03bc\u03ac\u03b4\u03b1 \u0395\u03c5\u03c1\u03c9\u03c0\u03b1\u03ca\u03ba\u03bf\u03cd \u039a\u03bf\u03b9\u03bd\u03bf\u03b2\u03bf\u03c5\u03bb\u03af\u03bf\u03c5<\/td><\/tr><tr><td><strong>M<\/strong><\/td><td><img loading=\"lazy\" decoding=\"async\" width=\"50\" height=\"37\" class=\"wp-image-1813\" style=\"width: 50px;\" src=\"https:\/\/ballot-box.eu\/wp-content\/uploads\/2024\/01\/M_2023-original.png\" alt=\"\" srcset=\"https:\/\/ballot-box.eu\/wp-content\/uploads\/2024\/01\/M_2023-original.png 1280w, https:\/\/ballot-box.eu\/wp-content\/uploads\/2024\/01\/M_2023-original-300x220.png 300w, https:\/\/ballot-box.eu\/wp-content\/uploads\/2024\/01\/M_2023-original-1024x752.png 1024w, https:\/\/ballot-box.eu\/wp-content\/uploads\/2024\/01\/M_2023-original-768x564.png 768w, https:\/\/ballot-box.eu\/wp-content\/uploads\/2024\/01\/M_2023-original-16x12.png 16w\" sizes=\"auto, (max-width: 50px) 100vw, 50px\" \/><\/td><td>\u03a3\u03c5\u03bd\u03c4\u03b7\u03c1\u03b7\u03c4\u03b9\u03c3\u03bc\u03cc\u03c2, \u039b\u03b1\u03ca\u03ba\u03b9\u03c3\u03bc\u03cc\u03c2<\/td><td>24.09.2017<\/td><td>Sigmundur Dav\u00ed\u00f0 Gunnlaugsson<\/td><td>Sigmundur Dav\u00ed\u00f0 Gunnlaugsson<\/td><td><a href=\"http:\/\/midflokkurinn.is\">http:\/\/midflokkurinn.is<\/a><\/td><td><\/td><\/tr><\/tbody><\/table><\/figure>\n\n\n\n<p><\/p>\n\n\n\n<h4 class=\"wp-block-heading\"><strong>\u0395\u03ba\u03bb\u03bf\u03b3\u03ad\u03c2<\/strong><\/h4>\n\n\n\n<figure class=\"wp-block-table is-style-stripes\"><table><tbody><tr><td><strong>\u0395\u03ba\u03bb\u03bf\u03b3\u03ad\u03c2<\/strong><\/td><td class=\"has-text-align-right\" data-align=\"right\"><strong>%<\/strong><\/td><td class=\"has-text-align-right\" data-align=\"right\"><strong>\u03a8\u03ae\u03c6\u03bf\u03b9<\/strong><\/td><td class=\"has-text-align-right\" data-align=\"right\"><strong>\u0388\u03b4\u03c1\u03b5\u03c2<\/strong><\/td><td class=\"has-text-align-center\" data-align=\"center\"><strong>&nbsp;<\/strong><\/td><\/tr><tr><td><strong>2021<\/strong><\/td><td class=\"has-text-align-right\" data-align=\"right\">5,45<\/td><td class=\"has-text-align-right\" data-align=\"right\">10.879<\/td><td class=\"has-text-align-right\" data-align=\"right\">3<\/td><td class=\"has-text-align-center\" data-align=\"center\">8<sup>th<\/sup><\/td><\/tr><tr><td><strong>2017<\/strong><\/td><td class=\"has-text-align-right\" data-align=\"right\">10,89<\/td><td class=\"has-text-align-right\" data-align=\"right\">21.335<\/td><td class=\"has-text-align-right\" data-align=\"right\">7<\/td><td class=\"has-text-align-center\" data-align=\"center\">5<sup>th<\/sup><\/td><\/tr><\/tbody><\/table><\/figure>\n\n\n\n<p><\/p>\n\n\n\n<figure class=\"wp-block-table is-style-stripes\"><table><tbody><tr><td colspan=\"2\"><strong>\u0391\u03c1\u03c7\u03b7\u03b3\u03bf\u03af<\/strong><\/td><\/tr><tr><td>2017 \u2013<\/td><td>Sigmundur Dav\u00ed\u00f0 Gunnlaugsson<\/td><\/tr><\/tbody><\/table><\/figure>","protected":false},"excerpt":{"rendered":"<p>Abbr. Logo Ideology Founded Founder Leader Website European Parliament Group M Conservatism, Populism 24.09.2017 Sigmundur Dav\u00ed\u00f0 Gunnlaugsson Sigmundur Dav\u00ed\u00f0 Gunnlaugsson http:\/\/midflokkurinn.is Elections Elections % Votes Seats &nbsp; 2021 5,45 10.879 3 8th 2017 10,89 21.335 7 5th Leaders 2017 \u2013 Sigmundur Dav\u00ed\u00f0 Gunnlaugsson<\/p>","protected":false},"author":1,"featured_media":0,"parent":0,"menu_order":0,"comment_status":"closed","ping_status":"closed","template":"","meta":{"footnotes":""},"class_list":["post-1911","page","type-page","status-publish"],"_links":{"self":[{"href":"https:\/\/ballot-box.eu\/el\/wp-json\/wp\/v2\/pages\/1911","targetHints":{"allow":["GET"]}}],"collection":[{"href":"https:\/\/ballot-box.eu\/el\/wp-json\/wp\/v2\/pages"}],"about":[{"href":"https:\/\/ballot-box.eu\/el\/wp-json\/wp\/v2\/types\/page"}],"author":[{"embeddable":true,"href":"https:\/\/ballot-box.eu\/el\/wp-json\/wp\/v2\/users\/1"}],"replies":[{"embeddable":true,"href":"https:\/\/ballot-box.eu\/el\/wp-json\/wp\/v2\/comments?post=1911"}],"version-history":[{"count":1,"href":"https:\/\/ballot-box.eu\/el\/wp-json\/wp\/v2\/pages\/1911\/revisions"}],"predecessor-version":[{"id":1912,"href":"https:\/\/ballot-box.eu\/el\/wp-json\/wp\/v2\/pages\/1911\/revisions\/1912"}],"wp:attachment":[{"href":"https:\/\/ballot-box.eu\/el\/wp-json\/wp\/v2\/media?parent=1911"}],"curies":[{"name":"wp","href":"https:\/\/api.w.org\/{rel}","templated":true}]}}