{"id":360,"date":"2023-10-16T09:45:46","date_gmt":"2023-10-16T09:45:46","guid":{"rendered":"https:\/\/ballot-box.eu\/?page_id=360"},"modified":"2023-10-23T07:28:23","modified_gmt":"2023-10-23T07:28:23","slug":"concord","status":"publish","type":"page","link":"https:\/\/ballot-box.eu\/el\/concord","title":{"rendered":"Concord"},"content":{"rendered":"<figure class=\"wp-block-table is-style-stripes\"><table><tbody><tr><td>Abbr.<\/td><td>\u039b\u03bf\u03b3\u03cc\u03c4\u03c5\u03c0\u03bf<\/td><td>\u0399\u03b4\u03b5\u03bf\u03bb\u03bf\u03b3\u03af\u03b1<\/td><td>\u038a\u03b4\u03c1\u03c5\u03c3\u03b7<\/td><td>\u0399\u03b4\u03c1\u03c5\u03c4\u03ae\u03c2<\/td><td>\u0391\u03c1\u03c7\u03b7\u03b3\u03cc\u03c2<\/td><td>\u0399\u03c3\u03c4\u03bf\u03c3\u03b5\u03bb\u03af\u03b4\u03b1<\/td><\/tr><tr><td>CONCORDIA<\/td><td><img loading=\"lazy\" decoding=\"async\" width=\"50\" height=\"64\" class=\"wp-image-336\" style=\"width: 50px;\" src=\"https:\/\/ballot-box.eu\/wp-content\/uploads\/2023\/10\/Logo_of_the_Concord_political_party.svg_.png\" alt=\"\" srcset=\"https:\/\/ballot-box.eu\/wp-content\/uploads\/2023\/10\/Logo_of_the_Concord_political_party.svg_.png 800w, https:\/\/ballot-box.eu\/wp-content\/uploads\/2023\/10\/Logo_of_the_Concord_political_party.svg_-233x300.png 233w, https:\/\/ballot-box.eu\/wp-content\/uploads\/2023\/10\/Logo_of_the_Concord_political_party.svg_-796x1024.png 796w, https:\/\/ballot-box.eu\/wp-content\/uploads\/2023\/10\/Logo_of_the_Concord_political_party.svg_-768x988.png 768w\" sizes=\"auto, (max-width: 50px) 100vw, 50px\" \/><\/td><td>\u03a0\u03c1\u03bf\u03bf\u03b4\u03b5\u03c5\u03c4\u03b9\u03c3\u03bc\u03cc\u03c2, \u03a0\u03b5\u03c1\u03b9\u03b2\u03b1\u03bb\u03bb\u03bf\u03bd\u03c4\u03b9\u03c3\u03bc\u03cc\u03c2<\/td><td>06.07.2022<\/td><td>Cerni Escal\u00e9 Cabr\u00e9<\/td><td>Cerni Escal\u00e9 Cabr\u00e9<\/td><td><a href=\"http:\/\/concordia.ad\" data-type=\"link\" data-id=\"concordia.ad\">concordia.ad<\/a><\/td><\/tr><\/tbody><\/table><\/figure>\n\n\n\n<p><\/p>\n\n\n\n<h4 class=\"wp-block-heading\"><strong>\u0395\u03ba\u03bb\u03bf\u03b3\u03ad\u03c2<\/strong><\/h4>\n\n\n\n<h6 class=\"wp-block-heading\"><strong>National<\/strong><\/h6>\n\n\n\n<figure class=\"wp-block-table is-style-stripes\"><table><tbody><tr><td><strong>\u0395\u03ba\u03bb\u03bf\u03b3\u03ad\u03c2<\/strong><\/td><td class=\"has-text-align-right\" data-align=\"right\"><strong>%<\/strong><\/td><td class=\"has-text-align-right\" data-align=\"right\"><strong>\u03a8\u03ae\u03c6\u03bf\u03b9<\/strong><\/td><td class=\"has-text-align-right\" data-align=\"right\"><strong>\u0388\u03b4\u03c1\u03b5\u03c2<\/strong><\/td><\/tr><tr><td><strong>2023<\/strong><strong><\/strong><\/td><td class=\"has-text-align-right\" data-align=\"right\">21,43<\/td><td class=\"has-text-align-right\" data-align=\"right\">4.036<\/td><td class=\"has-text-align-right\" data-align=\"right\">5<\/td><\/tr><\/tbody><\/table><\/figure>\n\n\n\n<p><\/p>\n\n\n\n<figure class=\"wp-block-table is-style-stripes\"><table><tbody><tr><td colspan=\"2\"><strong>\u0391\u03c1\u03c7\u03b7\u03b3\u03bf\u03af<\/strong><strong><\/strong><\/td><\/tr><tr><td>06.07.2022 &#8211;<\/td><td>Cerni Escal\u00e9 Cabr\u00e9<\/td><\/tr><\/tbody><\/table><\/figure>","protected":false},"excerpt":{"rendered":"<p>Abbr. Logo Ideology Founded Founder Leader Website CONCORDIA Progressivism, Environmentalism 06.07.2022 Cerni Escal\u00e9 Cabr\u00e9 Cerni Escal\u00e9 Cabr\u00e9 concordia.ad Elections National Elections % Votes Seats 2023 21,43 4.036 5 Leaders 06.07.2022 &#8211; Cerni Escal\u00e9 Cabr\u00e9<\/p>","protected":false},"author":1,"featured_media":0,"parent":0,"menu_order":0,"comment_status":"closed","ping_status":"closed","template":"","meta":{"footnotes":""},"class_list":["post-360","page","type-page","status-publish"],"_links":{"self":[{"href":"https:\/\/ballot-box.eu\/el\/wp-json\/wp\/v2\/pages\/360","targetHints":{"allow":["GET"]}}],"collection":[{"href":"https:\/\/ballot-box.eu\/el\/wp-json\/wp\/v2\/pages"}],"about":[{"href":"https:\/\/ballot-box.eu\/el\/wp-json\/wp\/v2\/types\/page"}],"author":[{"embeddable":true,"href":"https:\/\/ballot-box.eu\/el\/wp-json\/wp\/v2\/users\/1"}],"replies":[{"embeddable":true,"href":"https:\/\/ballot-box.eu\/el\/wp-json\/wp\/v2\/comments?post=360"}],"version-history":[{"count":7,"href":"https:\/\/ballot-box.eu\/el\/wp-json\/wp\/v2\/pages\/360\/revisions"}],"predecessor-version":[{"id":627,"href":"https:\/\/ballot-box.eu\/el\/wp-json\/wp\/v2\/pages\/360\/revisions\/627"}],"wp:attachment":[{"href":"https:\/\/ballot-box.eu\/el\/wp-json\/wp\/v2\/media?parent=360"}],"curies":[{"name":"wp","href":"https:\/\/api.w.org\/{rel}","templated":true}]}}